{"id":70,"date":"2025-04-21T12:38:12","date_gmt":"2025-04-21T12:38:12","guid":{"rendered":"https:\/\/thevest.pl\/index.php\/about\/"},"modified":"2025-04-21T20:03:14","modified_gmt":"2025-04-21T20:03:14","slug":"o-nas","status":"publish","type":"page","link":"https:\/\/thevest.pl\/index.php\/o-nas\/","title":{"rendered":"O nas"},"content":{"rendered":"\t\t<div data-elementor-type=\"wp-page\" data-elementor-id=\"70\" class=\"elementor elementor-70\">\n\t\t\t\t\t\t<section class=\"elementor-section elementor-top-section elementor-element elementor-element-105af49e elementor-section-full_width elementor-section-height-default elementor-section-height-default\" data-id=\"105af49e\" data-element_type=\"section\">\n\t\t\t\t\t\t<div class=\"elementor-container elementor-column-gap-no\">\n\t\t\t\t\t<div class=\"elementor-column elementor-col-50 elementor-top-column elementor-element elementor-element-cfd8dd3\" data-id=\"cfd8dd3\" data-element_type=\"column\">\n\t\t\t<div class=\"elementor-widget-wrap elementor-element-populated\">\n\t\t\t\t\t\t<div class=\"elementor-element elementor-element-1fc36d9f elementor-widget elementor-widget-image\" data-id=\"1fc36d9f\" data-element_type=\"widget\" data-widget_type=\"image.default\">\n\t\t\t\t<div class=\"elementor-widget-container\">\n\t\t\t\t\t\t\t\t\t\t\t\t\t\t\t<img fetchpriority=\"high\" decoding=\"async\" width=\"1920\" height=\"1080\" src=\"https:\/\/thevest.pl\/wp-content\/uploads\/2025\/04\/gun.png\" class=\"attachment-full size-full wp-image-238\" alt=\"\" srcset=\"https:\/\/thevest.pl\/wp-content\/uploads\/2025\/04\/gun.png 1920w, https:\/\/thevest.pl\/wp-content\/uploads\/2025\/04\/gun-300x169.png 300w, https:\/\/thevest.pl\/wp-content\/uploads\/2025\/04\/gun-1024x576.png 1024w, https:\/\/thevest.pl\/wp-content\/uploads\/2025\/04\/gun-768x432.png 768w, https:\/\/thevest.pl\/wp-content\/uploads\/2025\/04\/gun-1536x864.png 1536w\" sizes=\"(max-width: 1920px) 100vw, 1920px\" \/>\t\t\t\t\t\t\t\t\t\t\t\t\t\t\t<\/div>\n\t\t\t\t<\/div>\n\t\t\t\t<div class=\"elementor-element elementor-element-7131f7ec elementor-view-default elementor-position-top elementor-mobile-position-top elementor-widget elementor-widget-icon-box\" data-id=\"7131f7ec\" data-element_type=\"widget\" data-widget_type=\"icon-box.default\">\n\t\t\t\t<div class=\"elementor-widget-container\">\n\t\t\t\t\t\t\t<div class=\"elementor-icon-box-wrapper\">\n\n\t\t\t\t\t\t<div class=\"elementor-icon-box-icon\">\n\t\t\t\t<span  class=\"elementor-icon elementor-animation-\">\n\t\t\t\t<svg xmlns=\"http:\/\/www.w3.org\/2000\/svg\" id=\"a57ec174-ff38-4389-b9d2-4eba1269329a\" data-name=\"Layer 1\" width=\"82\" height=\"67\" viewBox=\"0 0 82 67\"><path d=\"M20.3643,32.1382q0-8.7154,3.2583-12.8008Q27.1524,14.98,34.212,14.98V0Q17.3775,0,8.6887,10.0772,0,19.8821,0,37.313A104.1284,104.1284,0,0,0,4.6159,67H36.1126V37.0406H20.3643Z\"><\/path><path d=\"M66.2517,37.0406V32.1382q0-8.7154,3.2583-12.8008Q73.04,14.98,80.0994,14.98V0Q63.265,0,54.5763,10.0772q-8.6888,9.8049-8.6889,27.2358A104.1319,104.1319,0,0,0,50.5033,67H82V37.0406Z\"><\/path><\/svg>\t\t\t\t<\/span>\n\t\t\t<\/div>\n\t\t\t\n\t\t\t\t\t\t<div class=\"elementor-icon-box-content\">\n\n\t\t\t\t\t\t\t\t\t<p class=\"elementor-icon-box-title\">\n\t\t\t\t\t\t<span  >\n\t\t\t\t\t\t\tThe Vest \u2013 spo\u0142eczno\u015b\u0107, kt\u00f3ra dzia\u0142a. \t\t\t\t\t\t<\/span>\n\t\t\t\t\t<\/p>\n\t\t\t\t\n\t\t\t\t\t\t\t\t\t<p class=\"elementor-icon-box-description\">\n\t\t\t\t\t\tZ pasj\u0105. Z zasadami. Z my\u015bl\u0105 o przysz\u0142o\u015bci.\t\t\t\t\t<\/p>\n\t\t\t\t\n\t\t\t<\/div>\n\t\t\t\n\t\t<\/div>\n\t\t\t\t\t\t<\/div>\n\t\t\t\t<\/div>\n\t\t\t\t\t<\/div>\n\t\t<\/div>\n\t\t\t\t<div class=\"elementor-column elementor-col-50 elementor-top-column elementor-element elementor-element-f32993f\" data-id=\"f32993f\" data-element_type=\"column\">\n\t\t\t<div class=\"elementor-widget-wrap elementor-element-populated\">\n\t\t\t\t\t\t<div class=\"elementor-element elementor-element-796d2345 elementor-widget elementor-widget-heading\" data-id=\"796d2345\" data-element_type=\"widget\" data-widget_type=\"heading.default\">\n\t\t\t\t<div class=\"elementor-widget-container\">\n\t\t\t\t\t<h1 class=\"elementor-heading-title elementor-size-default\">Kim jeste\u015bmy?<\/h1>\t\t\t\t<\/div>\n\t\t\t\t<\/div>\n\t\t\t\t<div class=\"elementor-element elementor-element-71ebc2f2 elementor-widget elementor-widget-text-editor\" data-id=\"71ebc2f2\" data-element_type=\"widget\" data-widget_type=\"text-editor.default\">\n\t\t\t\t<div class=\"elementor-widget-container\">\n\t\t\t\t\t\t\t\t\t<p><strong>The Vest \u2013 Stowarzyszenie Strzelecko-Kolekcjonerskie<\/strong><\/p><p><strong>\u00a0<\/strong><\/p><p class=\"\" data-start=\"196\" data-end=\"406\">The Vest to stowarzyszenie strzelecko-kolekcjonerskie, kt\u00f3re zrzesza osoby zainteresowane broni\u0105 paln\u0105 \u2013 zar\u00f3wno w kontek\u015bcie praktycznego strzelectwa, jak i kolekcjonerstwa historycznego oraz nowoczesnego.<\/p><p class=\"\" data-start=\"196\" data-end=\"406\">\u00a0<\/p><p class=\"\" data-start=\"408\" data-end=\"615\">Naszym celem jest budowanie \u015bwiadomej, odpowiedzialnej i wykwalifikowanej spo\u0142eczno\u015bci, kt\u00f3ra zna prawo, szanuje zasady i rozwija swoje kompetencje w zakresie posiadania, u\u017cytkowania i kolekcjonowania broni.<\/p>\t\t\t\t\t\t\t\t<\/div>\n\t\t\t\t<\/div>\n\t\t\t\t\t<\/div>\n\t\t<\/div>\n\t\t\t\t\t<\/div>\n\t\t<\/section>\n\t\t\t\t<section class=\"elementor-section elementor-top-section elementor-element elementor-element-7049bc1 elementor-section-full_width elementor-section-content-middle elementor-section-height-default elementor-section-height-default\" data-id=\"7049bc1\" data-element_type=\"section\" data-settings=\"{&quot;background_background&quot;:&quot;classic&quot;}\">\n\t\t\t\t\t\t<div class=\"elementor-container elementor-column-gap-no\">\n\t\t\t\t\t<div class=\"elementor-column elementor-col-100 elementor-top-column elementor-element elementor-element-139abfa8\" data-id=\"139abfa8\" data-element_type=\"column\">\n\t\t\t<div class=\"elementor-widget-wrap elementor-element-populated\">\n\t\t\t\t\t\t<div class=\"elementor-element elementor-element-50c30b2c elementor-widget elementor-widget-heading\" data-id=\"50c30b2c\" data-element_type=\"widget\" data-widget_type=\"heading.default\">\n\t\t\t\t<div class=\"elementor-widget-container\">\n\t\t\t\t\t<h2 class=\"elementor-heading-title elementor-size-default\">Dla kogo jeste\u015bmy?<\/h2>\t\t\t\t<\/div>\n\t\t\t\t<\/div>\n\t\t\t\t<div class=\"elementor-element elementor-element-374b0e4f elementor-widget elementor-widget-heading\" data-id=\"374b0e4f\" data-element_type=\"widget\" data-widget_type=\"heading.default\">\n\t\t\t\t<div class=\"elementor-widget-container\">\n\t\t\t\t\t<h5 class=\"elementor-heading-title elementor-size-default\">Dla ka\u017cdego, kto chce rozwija\u0107 si\u0119 w zakresie strzelectwa, interesuje si\u0119 broni\u0105 paln\u0105 lub planuje rozpocz\u0105\u0107 swoj\u0105 drog\u0119 jako kolekcjoner. Niezale\u017cnie od Twojego do\u015bwiadczenia \u2013 znajdziesz tu przestrze\u0144 do nauki, dzia\u0142ania i wymiany wiedzy.<\/h5>\t\t\t\t<\/div>\n\t\t\t\t<\/div>\n\t\t\t\t<div class=\"elementor-element elementor-element-6b6e0da elementor-widget elementor-widget-image-carousel\" data-id=\"6b6e0da\" data-element_type=\"widget\" data-settings=\"{&quot;slides_to_show&quot;:&quot;6&quot;,&quot;slides_to_show_tablet&quot;:&quot;3&quot;,&quot;navigation&quot;:&quot;none&quot;,&quot;pause_on_hover&quot;:&quot;no&quot;,&quot;pause_on_interaction&quot;:&quot;no&quot;,&quot;image_spacing_custom&quot;:{&quot;unit&quot;:&quot;px&quot;,&quot;size&quot;:&quot;55&quot;,&quot;sizes&quot;:[]},&quot;slides_to_scroll_tablet&quot;:&quot;1&quot;,&quot;slides_to_show_mobile&quot;:&quot;1&quot;,&quot;autoplay&quot;:&quot;yes&quot;,&quot;autoplay_speed&quot;:5000,&quot;infinite&quot;:&quot;yes&quot;,&quot;speed&quot;:500,&quot;image_spacing_custom_tablet&quot;:{&quot;unit&quot;:&quot;px&quot;,&quot;size&quot;:&quot;&quot;,&quot;sizes&quot;:[]}}\" data-widget_type=\"image-carousel.default\">\n\t\t\t\t<div class=\"elementor-widget-container\">\n\t\t\t\t\t\t\t<div class=\"elementor-image-carousel-wrapper swiper\" role=\"region\" aria-roledescription=\"carousel\" aria-label=\"Karuzela obrazk\u00f3w\" dir=\"ltr\">\n\t\t\t<div class=\"elementor-image-carousel swiper-wrapper\" aria-live=\"off\">\n\t\t\t\t\t\t\t\t<div class=\"swiper-slide\" role=\"group\" aria-roledescription=\"slide\" aria-label=\"1 z 5\"><figure class=\"swiper-slide-inner\"><img decoding=\"async\" class=\"swiper-slide-image\" src=\"https:\/\/thevest.pl\/wp-content\/uploads\/2025\/04\/Partners-Logo_5-13122021.svg\" alt=\"\" \/><\/figure><\/div><div class=\"swiper-slide\" role=\"group\" aria-roledescription=\"slide\" aria-label=\"2 z 5\"><figure class=\"swiper-slide-inner\"><img decoding=\"async\" class=\"swiper-slide-image\" src=\"https:\/\/thevest.pl\/wp-content\/uploads\/2025\/04\/Partners-Logo_2-13122021.svg\" alt=\"\" \/><\/figure><\/div><div class=\"swiper-slide\" role=\"group\" aria-roledescription=\"slide\" aria-label=\"3 z 5\"><figure class=\"swiper-slide-inner\"><img decoding=\"async\" class=\"swiper-slide-image\" src=\"https:\/\/thevest.pl\/wp-content\/uploads\/2025\/04\/Partners-Logo_1-13122021.svg\" alt=\"\" \/><\/figure><\/div><div class=\"swiper-slide\" role=\"group\" aria-roledescription=\"slide\" aria-label=\"4 z 5\"><figure class=\"swiper-slide-inner\"><img decoding=\"async\" class=\"swiper-slide-image\" src=\"https:\/\/thevest.pl\/wp-content\/uploads\/2025\/04\/Partners-Logo_4-13122021.svg\" alt=\"\" \/><\/figure><\/div><div class=\"swiper-slide\" role=\"group\" aria-roledescription=\"slide\" aria-label=\"5 z 5\"><figure class=\"swiper-slide-inner\"><img decoding=\"async\" class=\"swiper-slide-image\" src=\"https:\/\/thevest.pl\/wp-content\/uploads\/2025\/04\/Partners-Logo_3-13122021.svg\" alt=\"\" \/><\/figure><\/div>\t\t\t<\/div>\n\t\t\t\t\t\t\t\n\t\t\t\t\t\t\t\t\t<\/div>\n\t\t\t\t\t\t<\/div>\n\t\t\t\t<\/div>\n\t\t\t\t\t<\/div>\n\t\t<\/div>\n\t\t\t\t\t<\/div>\n\t\t<\/section>\n\t\t\t\t<section class=\"elementor-section elementor-top-section elementor-element elementor-element-39c4020b elementor-section-full_width elementor-section-height-default elementor-section-height-default\" data-id=\"39c4020b\" data-element_type=\"section\">\n\t\t\t\t\t\t<div class=\"elementor-container elementor-column-gap-no\">\n\t\t\t\t\t<div class=\"elementor-column elementor-col-100 elementor-top-column elementor-element elementor-element-32c1ef31\" data-id=\"32c1ef31\" data-element_type=\"column\">\n\t\t\t<div class=\"elementor-widget-wrap elementor-element-populated\">\n\t\t\t\t\t\t<div class=\"elementor-element elementor-element-29eced0b elementor-widget elementor-widget-heading\" data-id=\"29eced0b\" data-element_type=\"widget\" data-widget_type=\"heading.default\">\n\t\t\t\t<div class=\"elementor-widget-container\">\n\t\t\t\t\t<h2 class=\"elementor-heading-title elementor-size-default\">Nasza misja<\/h2>\t\t\t\t<\/div>\n\t\t\t\t<\/div>\n\t\t\t\t<div class=\"elementor-element elementor-element-148416a8 elementor-widget elementor-widget-heading\" data-id=\"148416a8\" data-element_type=\"widget\" data-widget_type=\"heading.default\">\n\t\t\t\t<div class=\"elementor-widget-container\">\n\t\t\t\t\t<h5 class=\"elementor-heading-title elementor-size-default\">Promowanie kultury bezpiecznego i odpowiedzialnego pos\u0142ugiwania si\u0119 broni\u0105<br>\n\nUpowszechnianie wiedzy o broni palnej \u2013 jej historii, konstrukcjach i zastosowaniach<br>\n\nWspieranie cz\u0142onk\u00f3w w procesie zdobywania pozwole\u0144 na bro\u0144<br>\n\nOrganizacja szkole\u0144, spotka\u0144, wydarze\u0144 strzeleckich i kolekcjonerskich<br>\n\nBudowanie \u015brodowiska opartego na wsp\u00f3lnych warto\u015bciach i pasji<\/h5>\t\t\t\t<\/div>\n\t\t\t\t<\/div>\n\t\t\t\t\t<\/div>\n\t\t<\/div>\n\t\t\t\t\t<\/div>\n\t\t<\/section>\n\t\t\t\t<section class=\"elementor-section elementor-top-section elementor-element elementor-element-32445cf8 elementor-section-full_width elementor-section-content-middle elementor-reverse-mobile elementor-section-height-default elementor-section-height-default\" data-id=\"32445cf8\" data-element_type=\"section\" data-settings=\"{&quot;background_background&quot;:&quot;classic&quot;}\">\n\t\t\t\t\t\t<div class=\"elementor-container elementor-column-gap-no\">\n\t\t\t\t\t<div class=\"elementor-column elementor-col-50 elementor-top-column elementor-element elementor-element-6495eb91\" data-id=\"6495eb91\" data-element_type=\"column\">\n\t\t\t<div class=\"elementor-widget-wrap elementor-element-populated\">\n\t\t\t\t\t\t<div class=\"elementor-element elementor-element-5f0adae1 elementor-widget elementor-widget-heading\" data-id=\"5f0adae1\" data-element_type=\"widget\" data-widget_type=\"heading.default\">\n\t\t\t\t<div class=\"elementor-widget-container\">\n\t\t\t\t\t<h2 class=\"elementor-heading-title elementor-size-default\">A Title That Gets the Visitor to Contact You<\/h2>\t\t\t\t<\/div>\n\t\t\t\t<\/div>\n\t\t\t\t<div class=\"elementor-element elementor-element-626d5c0 elementor-widget elementor-widget-text-editor\" data-id=\"626d5c0\" data-element_type=\"widget\" data-widget_type=\"text-editor.default\">\n\t\t\t\t<div class=\"elementor-widget-container\">\n\t\t\t\t\t\t\t\t\t<p>This is your chance to emphasize why the visitor should contact you right now.<\/p>\t\t\t\t\t\t\t\t<\/div>\n\t\t\t\t<\/div>\n\t\t\t\t<div class=\"elementor-element elementor-element-20df045c elementor-invisible elementor-widget elementor-widget-button\" data-id=\"20df045c\" data-element_type=\"widget\" data-settings=\"{&quot;_animation&quot;:&quot;fadeInDown&quot;}\" data-widget_type=\"button.default\">\n\t\t\t\t<div class=\"elementor-widget-container\">\n\t\t\t\t\t\t\t\t\t<div class=\"elementor-button-wrapper\">\n\t\t\t\t\t<a class=\"elementor-button elementor-button-link elementor-size-sm\" href=\"https:\/\/library.elementor.com\/portfolio-wireframe-2\/contact\/\">\n\t\t\t\t\t\t<span class=\"elementor-button-content-wrapper\">\n\t\t\t\t\t\t\t\t\t<span class=\"elementor-button-text\">Get in touch<\/span>\n\t\t\t\t\t<\/span>\n\t\t\t\t\t<\/a>\n\t\t\t\t<\/div>\n\t\t\t\t\t\t\t\t<\/div>\n\t\t\t\t<\/div>\n\t\t\t\t\t<\/div>\n\t\t<\/div>\n\t\t\t\t<div class=\"elementor-column elementor-col-50 elementor-top-column elementor-element elementor-element-64c38523\" data-id=\"64c38523\" data-element_type=\"column\">\n\t\t\t<div class=\"elementor-widget-wrap elementor-element-populated\">\n\t\t\t\t\t\t<div class=\"elementor-element elementor-element-7e01b6c5 elementor-widget elementor-widget-image\" data-id=\"7e01b6c5\" data-element_type=\"widget\" data-widget_type=\"image.default\">\n\t\t\t\t<div class=\"elementor-widget-container\">\n\t\t\t\t\t\t\t\t\t\t\t\t\t\t\t<img decoding=\"async\" src=\"https:\/\/thevest.pl\/wp-content\/uploads\/2025\/04\/Image_Placeholder-13122021.jpg\" title=\"\" alt=\"\" loading=\"lazy\" \/>\t\t\t\t\t\t\t\t\t\t\t\t\t\t\t<\/div>\n\t\t\t\t<\/div>\n\t\t\t\t\t<\/div>\n\t\t<\/div>\n\t\t\t\t\t<\/div>\n\t\t<\/section>\n\t\t\t\t<\/div>\n\t\t","protected":false},"excerpt":{"rendered":"<p>The Vest \u2013 spo\u0142eczno\u015b\u0107, kt\u00f3ra dzia\u0142a. Z pasj\u0105. Z zasadami. Z my\u015bl\u0105 o przysz\u0142o\u015bci. Kim jeste\u015bmy? The Vest \u2013 Stowarzyszenie Strzelecko-Kolekcjonerskie \u00a0 [&hellip;]<\/p>\n","protected":false},"author":1,"featured_media":0,"parent":0,"menu_order":0,"comment_status":"closed","ping_status":"closed","template":"elementor_header_footer","meta":{"_eb_attr":"","footnotes":""},"class_list":["post-70","page","type-page","status-publish","hentry"],"_links":{"self":[{"href":"https:\/\/thevest.pl\/index.php\/wp-json\/wp\/v2\/pages\/70","targetHints":{"allow":["GET"]}}],"collection":[{"href":"https:\/\/thevest.pl\/index.php\/wp-json\/wp\/v2\/pages"}],"about":[{"href":"https:\/\/thevest.pl\/index.php\/wp-json\/wp\/v2\/types\/page"}],"author":[{"embeddable":true,"href":"https:\/\/thevest.pl\/index.php\/wp-json\/wp\/v2\/users\/1"}],"replies":[{"embeddable":true,"href":"https:\/\/thevest.pl\/index.php\/wp-json\/wp\/v2\/comments?post=70"}],"version-history":[{"count":20,"href":"https:\/\/thevest.pl\/index.php\/wp-json\/wp\/v2\/pages\/70\/revisions"}],"predecessor-version":[{"id":283,"href":"https:\/\/thevest.pl\/index.php\/wp-json\/wp\/v2\/pages\/70\/revisions\/283"}],"wp:attachment":[{"href":"https:\/\/thevest.pl\/index.php\/wp-json\/wp\/v2\/media?parent=70"}],"curies":[{"name":"wp","href":"https:\/\/api.w.org\/{rel}","templated":true}]}}